{"id":1357,"date":"2025-05-06T12:31:05","date_gmt":"2025-05-06T12:31:05","guid":{"rendered":"https:\/\/dronurkulaksizoglu.com.tr\/en\/?page_id=1357"},"modified":"2025-05-14T08:53:28","modified_gmt":"2025-05-14T08:53:28","slug":"appointment","status":"publish","type":"page","link":"https:\/\/dronurkulaksizoglu.com.tr\/en\/appointment\/","title":{"rendered":"Appointment"},"content":{"rendered":"\t\t<div data-elementor-type=\"wp-page\" data-elementor-id=\"1357\" class=\"elementor elementor-1357\">\n\t\t\t\t\t\t<section class=\"elementor-section elementor-top-section elementor-element elementor-element-44bcb78d thsn-col-stretched-both thsn-bg-image-over-color elementor-section-height-min-height elementor-section-boxed elementor-section-height-default elementor-section-items-middle\" data-id=\"44bcb78d\" data-element_type=\"section\">\n\t\t\t\t\t\t<div class=\"elementor-container elementor-column-gap-no\">\n\t\t\t\t\t<div class=\"elementor-column elementor-col-50 elementor-top-column elementor-element elementor-element-1016ee07 thsn-bg-color-over-image\" data-id=\"1016ee07\" data-element_type=\"column\">\n\t\t\t<div class=\"elementor-widget-wrap elementor-element-populated\">\n\t\t\t\t\t\t<div class=\"elementor-section elementor-inner-section elementor-element elementor-element-65c943b1 thsn-col-stretched-none thsn-bg-color-over-image elementor-section-boxed elementor-section-height-default elementor-section-height-default\" data-id=\"65c943b1\" data-element_type=\"section\">\n\t\t\t\t\t\t<div class=\"elementor-container elementor-column-gap-default\">\n\t\t\t\t\t<div class=\"elementor-column elementor-col-100 elementor-inner-column elementor-element elementor-element-2a31efee thsn-bg-color-yes thsn-elementor-bg-color-white thsn-bg-image-over-color column-break-ipad-100\" data-id=\"2a31efee\" data-element_type=\"column\" data-settings=\"{&quot;background_background&quot;:&quot;classic&quot;}\">\n\t\t\t<div class=\"elementor-widget-wrap elementor-element-populated\">\n\t\t\t\t\t\t<div class=\"elementor-element elementor-element-18a2988f elementor-widget elementor-widget-heading\" data-id=\"18a2988f\" data-element_type=\"widget\" data-widget_type=\"heading.default\">\n\t\t\t\t<div class=\"elementor-widget-container\">\n\t\t\t\t\t<h2 class=\"elementor-heading-title elementor-size-default\">\u0420\u0435\u0437\u0435\u0440\u0432\u0438\u0440\u0430\u0439\u0442\u0435 \u0441\u0440\u0435\u0449\u0430 \u0434\u043d\u0435\u0441<\/h2>\t\t\t\t<\/div>\n\t\t\t\t<\/div>\n\t\t\t\t<div class=\"elementor-element elementor-element-25eae3 elementor-widget elementor-widget-text-editor\" data-id=\"25eae3\" data-element_type=\"widget\" data-widget_type=\"text-editor.default\">\n\t\t\t\t<div class=\"elementor-widget-container\">\n\t\t\t\t\t\t\t\t\t<p>\u041f\u043e\u043f\u044a\u043b\u043d\u0435\u0442\u0435 \u0442\u043e\u0437\u0438 \u0444\u043e\u0440\u043c\u0443\u043b\u044f\u0440 \u0438 \u043d\u0438\u0435 \u0449\u0435 \u0441\u0435 \u0441\u0432\u044a\u0440\u0436\u0435\u043c \u0441 \u0432\u0430\u0441, \u0437\u0430 \u0434\u0430 \u043e\u0446\u0435\u043d\u0438\u043c \u0441\u0438\u0442\u0443\u0430\u0446\u0438\u044f\u0442\u0430 \u0432\u0438.<\/p>\t\t\t\t\t\t\t\t<\/div>\n\t\t\t\t<\/div>\n\t\t\t\t<div class=\"elementor-element elementor-element-70d881e7 elementor-widget elementor-widget-shortcode\" data-id=\"70d881e7\" data-element_type=\"widget\" data-widget_type=\"shortcode.default\">\n\t\t\t\t<div class=\"elementor-widget-container\">\n\t\t\t\t\t\t\t<div class=\"elementor-shortcode\">\n<div class=\"wpcf7 no-js\" id=\"wpcf7-f937-o1\" lang=\"en-US\" dir=\"ltr\" data-wpcf7-id=\"937\">\n<div class=\"screen-reader-response\"><p role=\"status\" aria-live=\"polite\" aria-atomic=\"true\"><\/p> <ul><\/ul><\/div>\n<form action=\"\/en\/wp-json\/wp\/v2\/pages\/1357#wpcf7-f937-o1\" method=\"post\" class=\"wpcf7-form init\" aria-label=\"Contact form\" novalidate=\"novalidate\" data-status=\"init\">\n<fieldset class=\"hidden-fields-container\"><input type=\"hidden\" name=\"_wpcf7\" value=\"937\" \/><input type=\"hidden\" name=\"_wpcf7_version\" value=\"6.1.4\" \/><input type=\"hidden\" name=\"_wpcf7_locale\" value=\"en_US\" \/><input type=\"hidden\" name=\"_wpcf7_unit_tag\" value=\"wpcf7-f937-o1\" \/><input type=\"hidden\" name=\"_wpcf7_container_post\" value=\"0\" \/><input type=\"hidden\" name=\"_wpcf7_posted_data_hash\" value=\"\" \/>\n<\/fieldset>\n<div class=\"row gx-3\">\n\t<div class=\"form-group col-12\">\n\t\t<p><span class=\"wpcf7-form-control-wrap\" data-name=\"text-320\"><input size=\"40\" maxlength=\"400\" class=\"wpcf7-form-control wpcf7-text wpcf7-validates-as-required form-control style2\" id=\"name\" aria-required=\"true\" aria-invalid=\"false\" placeholder=\"\u041f\u044a\u043b\u043d\u043e \u0438\u043c\u0435 \/ Numele complet \/ \u041f\u043e\u043b\u043d\u043e\u0435 \u0438\u043c\u044f\" value=\"\" type=\"text\" name=\"text-320\" \/><\/span>\n\t\t<\/p>\n\t<\/div>\n\t<div class=\"form-group col-12\">\n\t\t<p><span class=\"wpcf7-form-control-wrap\" data-name=\"email-142\"><input size=\"40\" maxlength=\"400\" class=\"wpcf7-form-control wpcf7-email wpcf7-validates-as-required wpcf7-text wpcf7-validates-as-email form-control style2\" id=\"email-142\" aria-required=\"true\" aria-invalid=\"false\" placeholder=\"\u0418\u043c\u0435\u0439\u043b \/ E-mail \/ \u042d\u043b\u0435\u043a\u0442\u0440\u043e\u043d\u043d\u0430\u044f \u043f\u043e\u0447\u0442\u0430\" value=\"\" type=\"email\" name=\"email-142\" \/><\/span>\n\t\t<\/p>\n\t<\/div>\n\t<div class=\"form-group col-12\">\n\t\t<p><span class=\"wpcf7-form-control-wrap\" data-name=\"tel-349\"><input size=\"40\" maxlength=\"400\" class=\"wpcf7-form-control wpcf7-tel wpcf7-validates-as-required wpcf7-text wpcf7-validates-as-tel form-control style2\" id=\"tel-349\" aria-required=\"true\" aria-invalid=\"false\" placeholder=\"\u0422\u0435\u043b\u0435\u0444\u043e\u043d \/ Telefon \/ \u0422\u0435\u043b\u0435\u0444\u043e\u043d\" value=\"\" type=\"tel\" name=\"tel-349\" \/><\/span>\n\t\t<\/p>\n\t<\/div>\n\t<div class=\"form-group col-12\">\n\t\t<p><span class=\"wpcf7-form-control-wrap\" data-name=\"textarea-59\"><textarea cols=\"40\" rows=\"10\" maxlength=\"2000\" class=\"wpcf7-form-control wpcf7-textarea wpcf7-validates-as-required form-control style2\" id=\"textarea-59\" aria-required=\"true\" aria-invalid=\"false\" placeholder=\"\u0421\u044a\u043e\u0431\u0449\u0435\u043d\u0438\u0435 \/ Mesaj \/ \u0421\u043e\u043e\u0431\u0449\u0435\u043d\u0438\u0435\" name=\"textarea-59\"><\/textarea><\/span>\n\t\t<\/p>\n\t<\/div>\n\t<div class=\"form-btn col-12\">\n\t\t<p><button class=\"vs-btn style1 wpcf7-submit\">\u0418\u0437\u043f\u0440\u0430\u0442\u0438 \/ Trimite<\/button>\n\t\t<\/p>\n\t<\/div>\n<\/div>\n<p class=\"form-messages mb-0 mt-3 fs-md fw-bold\">\n<\/p><div class=\"wpcf7-response-output\" aria-hidden=\"true\"><\/div>\n<\/form>\n<\/div>\n<\/div>\n\t\t\t\t\t\t<\/div>\n\t\t\t\t<\/div>\n\t\t\t\t\t<\/div>\n\t\t<\/div>\n\t\t\t\t\t<\/div>\n\t\t<\/div>\n\t\t\t\t\t<\/div>\n\t\t<\/div>\n\t\t\t\t<div class=\"elementor-column elementor-col-50 elementor-top-column elementor-element elementor-element-50c7d3fe thsn-bg-color-over-image\" data-id=\"50c7d3fe\" data-element_type=\"column\">\n\t\t\t<div class=\"elementor-widget-wrap elementor-element-populated\">\n\t\t\t\t\t\t<div class=\"elementor-element elementor-element-16930a0a elementor-widget elementor-widget-toggle\" data-id=\"16930a0a\" data-element_type=\"widget\" data-widget_type=\"toggle.default\">\n\t\t\t\t<div class=\"elementor-widget-container\">\n\t\t\t\t\t\t\t<div class=\"elementor-toggle\">\n\t\t\t\t\t\t\t<div class=\"elementor-toggle-item\">\n\t\t\t\t\t<div id=\"elementor-tab-title-3781\" class=\"elementor-tab-title\" data-tab=\"1\" role=\"button\" aria-controls=\"elementor-tab-content-3781\" aria-expanded=\"false\">\n\t\t\t\t\t\t\t\t\t\t\t\t<span class=\"elementor-toggle-icon elementor-toggle-icon-right\" aria-hidden=\"true\">\n\t\t\t\t\t\t\t\t\t\t\t\t\t\t\t<span class=\"elementor-toggle-icon-closed\"><i class=\"fas fa-caret-right\"><\/i><\/span>\n\t\t\t\t\t\t\t\t<span class=\"elementor-toggle-icon-opened\"><i class=\"elementor-toggle-icon-opened fas fa-caret-up\"><\/i><\/span>\n\t\t\t\t\t\t\t\t\t\t\t\t\t<\/span>\n\t\t\t\t\t\t\t\t\t\t\t\t<a class=\"elementor-toggle-title\" tabindex=\"0\">RANDEVU TALEP FORMU<\/a>\n\t\t\t\t\t<\/div>\n\n\t\t\t\t\t<div id=\"elementor-tab-content-3781\" class=\"elementor-tab-content elementor-clearfix\" data-tab=\"1\" role=\"region\" aria-labelledby=\"elementor-tab-title-3781\"><p>Bu formu doldurun, durumunuzu de\u011ferlendirmek i\u00e7in sizinle ileti\u015fime ge\u00e7elim.<\/p><\/div>\n\t\t\t\t<\/div>\n\t\t\t\t\t\t\t<div class=\"elementor-toggle-item\">\n\t\t\t\t\t<div id=\"elementor-tab-title-3782\" class=\"elementor-tab-title\" data-tab=\"2\" role=\"button\" aria-controls=\"elementor-tab-content-3782\" aria-expanded=\"false\">\n\t\t\t\t\t\t\t\t\t\t\t\t<span class=\"elementor-toggle-icon elementor-toggle-icon-right\" aria-hidden=\"true\">\n\t\t\t\t\t\t\t\t\t\t\t\t\t\t\t<span class=\"elementor-toggle-icon-closed\"><i class=\"fas fa-caret-right\"><\/i><\/span>\n\t\t\t\t\t\t\t\t<span class=\"elementor-toggle-icon-opened\"><i class=\"elementor-toggle-icon-opened fas fa-caret-up\"><\/i><\/span>\n\t\t\t\t\t\t\t\t\t\t\t\t\t<\/span>\n\t\t\t\t\t\t\t\t\t\t\t\t<a class=\"elementor-toggle-title\" tabindex=\"0\">APPOINTMENT REQUEST FORM<\/a>\n\t\t\t\t\t<\/div>\n\n\t\t\t\t\t<div id=\"elementor-tab-content-3782\" class=\"elementor-tab-content elementor-clearfix\" data-tab=\"2\" role=\"region\" aria-labelledby=\"elementor-tab-title-3782\"><p>Fill out this form and we will contact you to assess your situation<\/p><\/div>\n\t\t\t\t<\/div>\n\t\t\t\t\t\t\t<div class=\"elementor-toggle-item\">\n\t\t\t\t\t<div id=\"elementor-tab-title-3783\" class=\"elementor-tab-title\" data-tab=\"3\" role=\"button\" aria-controls=\"elementor-tab-content-3783\" aria-expanded=\"false\">\n\t\t\t\t\t\t\t\t\t\t\t\t<span class=\"elementor-toggle-icon elementor-toggle-icon-right\" aria-hidden=\"true\">\n\t\t\t\t\t\t\t\t\t\t\t\t\t\t\t<span class=\"elementor-toggle-icon-closed\"><i class=\"fas fa-caret-right\"><\/i><\/span>\n\t\t\t\t\t\t\t\t<span class=\"elementor-toggle-icon-opened\"><i class=\"elementor-toggle-icon-opened fas fa-caret-up\"><\/i><\/span>\n\t\t\t\t\t\t\t\t\t\t\t\t\t<\/span>\n\t\t\t\t\t\t\t\t\t\t\t\t<a class=\"elementor-toggle-title\" tabindex=\"0\">\u0424\u041e\u0420\u041c\u0423\u041b\u042f\u0420 \u0417\u0410 \u0418\u0421\u041a\u0410\u041d\u0415 \u041d\u0410 \u0421\u0420\u0415\u0429\u0410<\/a>\n\t\t\t\t\t<\/div>\n\n\t\t\t\t\t<div id=\"elementor-tab-content-3783\" class=\"elementor-tab-content elementor-clearfix\" data-tab=\"3\" role=\"region\" aria-labelledby=\"elementor-tab-title-3783\"><p>\u041f\u043e\u043f\u044a\u043b\u043d\u0435\u0442\u0435 \u0442\u043e\u0437\u0438 \u0444\u043e\u0440\u043c\u0443\u043b\u044f\u0440 \u0438 \u043d\u0438\u0435 \u0449\u0435 \u0441\u0435 \u0441\u0432\u044a\u0440\u0436\u0435\u043c \u0441 \u0432\u0430\u0441, \u0437\u0430 \u0434\u0430 \u043e\u0446\u0435\u043d\u0438\u043c \u0441\u0438\u0442\u0443\u0430\u0446\u0438\u044f\u0442\u0430 \u0432\u0438.<\/p><\/div>\n\t\t\t\t<\/div>\n\t\t\t\t\t\t\t<div class=\"elementor-toggle-item\">\n\t\t\t\t\t<div id=\"elementor-tab-title-3784\" class=\"elementor-tab-title\" data-tab=\"4\" role=\"button\" aria-controls=\"elementor-tab-content-3784\" aria-expanded=\"false\">\n\t\t\t\t\t\t\t\t\t\t\t\t<span class=\"elementor-toggle-icon elementor-toggle-icon-right\" aria-hidden=\"true\">\n\t\t\t\t\t\t\t\t\t\t\t\t\t\t\t<span class=\"elementor-toggle-icon-closed\"><i class=\"fas fa-caret-right\"><\/i><\/span>\n\t\t\t\t\t\t\t\t<span class=\"elementor-toggle-icon-opened\"><i class=\"elementor-toggle-icon-opened fas fa-caret-up\"><\/i><\/span>\n\t\t\t\t\t\t\t\t\t\t\t\t\t<\/span>\n\t\t\t\t\t\t\t\t\t\t\t\t<a class=\"elementor-toggle-title\" tabindex=\"0\">\u0424\u041e\u0420\u041c\u0410 \u0417\u0410\u042f\u0412\u041a\u0418 \u041d\u0410 \u041f\u0420\u0418\u0415\u041c<\/a>\n\t\t\t\t\t<\/div>\n\n\t\t\t\t\t<div id=\"elementor-tab-content-3784\" class=\"elementor-tab-content elementor-clearfix\" data-tab=\"4\" role=\"region\" aria-labelledby=\"elementor-tab-title-3784\"><p>\u0417\u0430\u043f\u043e\u043b\u043d\u0438\u0442\u0435 \u044d\u0442\u0443 \u0444\u043e\u0440\u043c\u0443, \u0438 \u043c\u044b \u0441\u0432\u044f\u0436\u0435\u043c\u0441\u044f \u0441 \u0432\u0430\u043c\u0438, \u0447\u0442\u043e\u0431\u044b \u043e\u0446\u0435\u043d\u0438\u0442\u044c \u0432\u0430\u0448\u0443 \u0441\u0438\u0442\u0443\u0430\u0446\u0438\u044e.<\/p><\/div>\n\t\t\t\t<\/div>\n\t\t\t\t\t\t\t<div class=\"elementor-toggle-item\">\n\t\t\t\t\t<div id=\"elementor-tab-title-3785\" class=\"elementor-tab-title\" data-tab=\"5\" role=\"button\" aria-controls=\"elementor-tab-content-3785\" aria-expanded=\"false\">\n\t\t\t\t\t\t\t\t\t\t\t\t<span class=\"elementor-toggle-icon elementor-toggle-icon-right\" aria-hidden=\"true\">\n\t\t\t\t\t\t\t\t\t\t\t\t\t\t\t<span class=\"elementor-toggle-icon-closed\"><i class=\"fas fa-caret-right\"><\/i><\/span>\n\t\t\t\t\t\t\t\t<span class=\"elementor-toggle-icon-opened\"><i class=\"elementor-toggle-icon-opened fas fa-caret-up\"><\/i><\/span>\n\t\t\t\t\t\t\t\t\t\t\t\t\t<\/span>\n\t\t\t\t\t\t\t\t\t\t\t\t<a class=\"elementor-toggle-title\" tabindex=\"0\">FORMULAR DE CERERE DE PROGRAMARE<\/a>\n\t\t\t\t\t<\/div>\n\n\t\t\t\t\t<div id=\"elementor-tab-content-3785\" class=\"elementor-tab-content elementor-clearfix\" data-tab=\"5\" role=\"region\" aria-labelledby=\"elementor-tab-title-3785\"><p>Completa\u021bi acest formular \u0219i v\u0103 vom contacta pentru a v\u0103 evalua situa\u021bia.<\/p><\/div>\n\t\t\t\t<\/div>\n\t\t\t\t\t\t\t\t<\/div>\n\t\t\t\t\t\t<\/div>\n\t\t\t\t<\/div>\n\t\t\t\t\t<\/div>\n\t\t<\/div>\n\t\t\t\t\t<\/div>\n\t\t<\/section>\n\t\t\t\t<\/div>\n\t\t","protected":false},"excerpt":{"rendered":"<p>\u0420\u0435\u0437\u0435\u0440\u0432\u0438\u0440\u0430\u0439\u0442\u0435 \u0441\u0440\u0435\u0449\u0430 \u0434\u043d\u0435\u0441 \u041f\u043e\u043f\u044a\u043b\u043d\u0435\u0442\u0435 \u0442\u043e\u0437\u0438 \u0444\u043e\u0440\u043c\u0443\u043b\u044f\u0440 \u0438 \u043d\u0438\u0435 \u0449\u0435 \u0441\u0435 \u0441\u0432\u044a\u0440\u0436\u0435\u043c \u0441 \u0432\u0430\u0441, \u0437\u0430 \u0434\u0430 \u043e\u0446\u0435\u043d\u0438\u043c \u0441\u0438\u0442\u0443\u0430\u0446\u0438\u044f\u0442\u0430 \u0432\u0438. RANDEVU TALEP FORMU Bu formu doldurun, durumunuzu de\u011ferlendirmek i\u00e7in sizinle ileti\u015fime ge\u00e7elim. APPOINTMENT REQUEST FORM Fill out this form and we will contact you to assess your situation \u0424\u041e\u0420\u041c\u0423\u041b\u042f\u0420 \u0417\u0410 \u0418\u0421\u041a\u0410\u041d\u0415 \u041d\u0410 \u0421\u0420\u0415\u0429\u0410 \u041f\u043e\u043f\u044a\u043b\u043d\u0435\u0442\u0435 \u0442\u043e\u0437\u0438 \u0444\u043e\u0440\u043c\u0443\u043b\u044f\u0440 \u0438 \u043d\u0438\u0435 \u0449\u0435 \u0441\u0435 \u0441\u0432\u044a\u0440\u0436\u0435\u043c \u0441 \u0432\u0430\u0441, \u0437\u0430 \u0434\u0430 \u043e\u0446\u0435\u043d\u0438\u043c \u0441\u0438\u0442\u0443\u0430\u0446\u0438\u044f\u0442\u0430 \u0432\u0438. \u0424\u041e\u0420\u041c\u0410 \u0417\u0410\u042f\u0412\u041a\u0418 \u041d\u0410 \u041f\u0420\u0418\u0415\u041c[&hellip;]<\/p>\n","protected":false},"author":1,"featured_media":0,"parent":0,"menu_order":0,"comment_status":"closed","ping_status":"closed","template":"elementor_header_footer","meta":{"_acf_changed":false,"footnotes":""},"class_list":["post-1357","page","type-page","status-publish","hentry"],"acf":[],"_links":{"self":[{"href":"https:\/\/dronurkulaksizoglu.com.tr\/en\/wp-json\/wp\/v2\/pages\/1357","targetHints":{"allow":["GET"]}}],"collection":[{"href":"https:\/\/dronurkulaksizoglu.com.tr\/en\/wp-json\/wp\/v2\/pages"}],"about":[{"href":"https:\/\/dronurkulaksizoglu.com.tr\/en\/wp-json\/wp\/v2\/types\/page"}],"author":[{"embeddable":true,"href":"https:\/\/dronurkulaksizoglu.com.tr\/en\/wp-json\/wp\/v2\/users\/1"}],"replies":[{"embeddable":true,"href":"https:\/\/dronurkulaksizoglu.com.tr\/en\/wp-json\/wp\/v2\/comments?post=1357"}],"version-history":[{"count":4,"href":"https:\/\/dronurkulaksizoglu.com.tr\/en\/wp-json\/wp\/v2\/pages\/1357\/revisions"}],"predecessor-version":[{"id":1369,"href":"https:\/\/dronurkulaksizoglu.com.tr\/en\/wp-json\/wp\/v2\/pages\/1357\/revisions\/1369"}],"wp:attachment":[{"href":"https:\/\/dronurkulaksizoglu.com.tr\/en\/wp-json\/wp\/v2\/media?parent=1357"}],"curies":[{"name":"wp","href":"https:\/\/api.w.org\/{rel}","templated":true}]}}