{"id":2,"date":"2025-02-18T10:43:16","date_gmt":"2025-02-18T10:43:16","guid":{"rendered":"https:\/\/dronurkulaksizoglu.com.tr\/en\/?page_id=2"},"modified":"2025-03-08T08:27:19","modified_gmt":"2025-03-08T08:27:19","slug":"my-articles","status":"publish","type":"page","link":"https:\/\/dronurkulaksizoglu.com.tr\/en\/my-articles\/","title":{"rendered":"My Articles"},"content":{"rendered":"\t\t<div data-elementor-type=\"wp-page\" data-elementor-id=\"2\" class=\"elementor elementor-2\">\n\t\t\t\t\t\t<section class=\"elementor-section elementor-top-section elementor-element elementor-element-6c6f621 thsn-col-stretched-none thsn-bg-color-over-image elementor-section-boxed elementor-section-height-default elementor-section-height-default\" data-id=\"6c6f621\" data-element_type=\"section\">\n\t\t\t\t\t\t<div class=\"elementor-container elementor-column-gap-default\">\n\t\t\t\t\t<div class=\"elementor-column elementor-col-100 elementor-top-column elementor-element elementor-element-ae63681 thsn-bg-color-over-image\" data-id=\"ae63681\" data-element_type=\"column\">\n\t\t\t<div class=\"elementor-widget-wrap elementor-element-populated\">\n\t\t\t\t\t\t<div class=\"elementor-element elementor-element-6fac6a1 elementor-widget elementor-widget-heading\" data-id=\"6fac6a1\" data-element_type=\"widget\" data-widget_type=\"heading.default\">\n\t\t\t\t<div class=\"elementor-widget-container\">\n\t\t\t\t\t<h2 class=\"elementor-heading-title elementor-size-default\">My Articles<\/h2>\t\t\t\t<\/div>\n\t\t\t\t<\/div>\n\t\t\t\t\t<\/div>\n\t\t<\/div>\n\t\t\t\t\t<\/div>\n\t\t<\/section>\n\t\t\t\t<section class=\"elementor-section elementor-top-section elementor-element elementor-element-3bf8ef73 thsn-col-stretched-none thsn-bg-color-over-image elementor-section-boxed elementor-section-height-default elementor-section-height-default\" data-id=\"3bf8ef73\" data-element_type=\"section\">\n\t\t\t\t\t\t<div class=\"elementor-container elementor-column-gap-default\">\n\t\t\t\t\t<div class=\"elementor-column elementor-col-100 elementor-top-column elementor-element elementor-element-5e8a76af thsn-bg-color-over-image\" data-id=\"5e8a76af\" data-element_type=\"column\">\n\t\t\t<div class=\"elementor-widget-wrap elementor-element-populated\">\n\t\t\t\t\t\t<div class=\"elementor-element elementor-element-6de7f80e elementor-widget elementor-widget-text-editor\" data-id=\"6de7f80e\" data-element_type=\"widget\" data-widget_type=\"text-editor.default\">\n\t\t\t\t<div class=\"elementor-widget-container\">\n\t\t\t\t\t\t\t\t\t\n<ul>\n<li class=\"tt\">Akdemir H, Menk\u00fc A, Kurtsoy A, Tucer B, \u00d6ktem \u0130S, Ko\u00e7 RK: Konta\u015f O, Kulaks\u0131zo\u011flu O: Frameless stereotaxy for vascular malformation: Preliminary clinical experiences in 12 cages. 12th World Congress of Neurosurgery, September 16-20, 2001, Sydney<\/li>\n<li class=\"tt\">Hidayet Akdemir, Ahmet Menk\u00fc. B\u00fclent Tucer, Ali Kurtsoy, \u0130 Suat \u00d6ktem, Onur Kulaks\u0131zo\u011flu. COMPARISON OF EARLY AND VERY EARLY SURGERY IN ANEVRYSMAL SUBARACNOID BLOODING Turkish Neurosurgical Society Scientific Congress, June 7-8, 2002 Istanbul<\/li>\n<li class=\"tt\">B\u00fclent Tucer, Ahmet Menk\u00fc, Ali Kurtsoy, Hidayet Akdemir, Onur Kulaks\u0131zo\u011flu. THE ROLE OF CEREBRAL 3-DIMENSIONAL-BAIN TOMOGRAPHY (3D-CT) ANJIOGRAPHY IN ACUTE SUBARACNOID BLOODING. Scientific Congress of Turkish Neurosurgical Association, 7-8 June 2002 Istanbul<\/li>\n<li class=\"tt\">B\u00fclent Tucer, Ali Kurtsoy, Ahmet Menk\u00fc, Hidayet Akdemir, Onur Kulaks\u0131zo\u011flu. SURGICAL TREATMENT IN METASTATIC BRAIN TUMORS. Turkish Neurosurgical Society Scientific Congress, June 7-8, 2002 Istanbul<\/li>\n<li class=\"tt\">Menku A, Koc R, Tucer B, Kulaks\u0131zoglu O, Akdemir H. Evaluation of the role of magnetic resonance myelography in lateral recess syndrome. International Society for the Study of the Lumbar Spine (ISSLS), May 30- June 05 2004, Porto (poster)<\/li>\n<li class=\"tt\">Menk\u00fc A, Ko\u00e7 RK, Tucer B, Kulaks\u0131zo\u011flu O, Akdemir H: Filum terminale ependymoma mimicking lumbar disc herniation: Case report. Turkish Neurosurgical Society Scientific Congress, May 20-24, 2003, Antalya (poster)<\/li>\n<li>Menk\u00fc A, Ko\u00e7 RK, Tucer B, Kulaks\u0131zo\u011flu O, Akdemir H: The role of magnetic resonance myelography in lateral recess syndrome. Turkish Neurosurgical Association Scientific Congress, May 22-26, 2004, Antalya (oral)<\/li>\n<li>Menku A, Kulaks\u0131zoglu O, Tucer B, Kurtsoy A, Akdemir H: Successful surgical excision of a gigantic cerebral hydatid cyst: Case report. Min Inv Neurosurg 2004; 47:61-64.<\/li>\n<li>Menk\u00fc A, Ko\u00e7 RK, Tucer B, Kulaks\u0131zo\u011flu O, Akdemir H. Ependymoma of filum terminale mimicking lumbar disc herniation. Turkish Neurosurg, 2004<\/li>\n<li>Tucer B, Menk\u00fc A, Kurtsoy A, Akdemir H, Kulaks\u0131zo\u011flu O. The role of cerebral 3D-CT agiography in acute subarachnoid hemorrhage. Turkish Neurosurgical Association 16th Scientific Congress, June 7-8, 2002, Istanbul.<\/li>\n<li>Tucer B, Kurtsoy A, Menk\u00fc A, Akdemir H, Kulaks\u0131zo\u011flu O. Surgical treatment of metastatic brain tumors. 16th Scientific Congress of Turkish Neurosurgical Society, June 7-8, 2002, Istanbul.<\/li>\n<li>Akdemir H, Kulaks\u0131zo\u011flu O, Menk\u00fc A, Tucer B, Kurtsoy A, \u00d6ktem \u0130S. The effect of magnesium sulfate on cerebral vasospasm in patients with aneurysmal subarachnoid hemorrhage. Turkish Neurosurgical Association 17th Scientific Congress, May 20-24, 2003, Antalya.<\/li>\n<li>Menk\u00fc A, Tucer B, Kulaks\u0131zo\u011flu O, Akdemir H. Filum terminale ependymoma mimicking lumbar disc herniation: A case report. Turkish Neurosurgical Association 17th Scientific Congress, May 20-24, 2003, Antalya.<\/li>\n<li>Menk\u00fc A, Kulaks\u0131zo\u011flu O, Tucer B, Akdemir H. Brain abscess on the background of putaminal intracerebral hematoma: A case report. Turkish Neurosurgical Association 17th Scientific Congress, May 20-24, 2003, Antalya, Turkey.<\/li>\n<li>Menku A, Koc RK, Tucer B, Kulaks\u0131zoglu O, Akdemir H. The role of magnetic resonance myelography in lateral recess syndrome. Turkish Neurosurgical Association 18th Scientific Congress, May 22-26, 2004, Antalya.<\/li>\n<\/ul>\n\t\t\t\t\t\t\t\t<\/div>\n\t\t\t\t<\/div>\n\t\t\t\t\t<\/div>\n\t\t<\/div>\n\t\t\t\t\t<\/div>\n\t\t<\/section>\n\t\t\t\t<section class=\"elementor-section elementor-top-section elementor-element elementor-element-66d27ba4 thsn-bg-color-yes thsn-elementor-bg-color-blackish thsn-text-color-white elementor-section-stretched thsn-bg-image-over-color elementor-section-content-middle thsn-col-stretched-none elementor-section-boxed elementor-section-height-default elementor-section-height-default\" data-id=\"66d27ba4\" data-element_type=\"section\" data-settings=\"{&quot;stretch_section&quot;:&quot;section-stretched&quot;,&quot;background_background&quot;:&quot;classic&quot;}\">\n\t\t\t\t\t\t<div class=\"elementor-container elementor-column-gap-no\">\n\t\t\t\t\t<div class=\"elementor-column elementor-col-50 elementor-top-column elementor-element elementor-element-17604091 thsn-bg-color-over-image\" data-id=\"17604091\" data-element_type=\"column\">\n\t\t\t<div class=\"elementor-widget-wrap elementor-element-populated\">\n\t\t\t\t\t\t<div class=\"elementor-element elementor-element-3e2d0dc3 elementor-position-left elementor-view-default elementor-mobile-position-top elementor-widget elementor-widget-icon-box\" data-id=\"3e2d0dc3\" data-element_type=\"widget\" data-widget_type=\"icon-box.default\">\n\t\t\t\t<div class=\"elementor-widget-container\">\n\t\t\t\t\t\t\t<div class=\"elementor-icon-box-wrapper\">\n\n\t\t\t\t\t\t<div class=\"elementor-icon-box-icon\">\n\t\t\t\t<span  class=\"elementor-icon\">\n\t\t\t\t<i aria-hidden=\"true\" class=\"thsn-doctery-icon thsn-doctery-icon-checked\"><\/i>\t\t\t\t<\/span>\n\t\t\t<\/div>\n\t\t\t\n\t\t\t\t\t\t<div class=\"elementor-icon-box-content\">\n\n\t\t\t\t\t\t\t\t\t<h3 class=\"elementor-icon-box-title\">\n\t\t\t\t\t\t<span  >\n\t\t\t\t\t\t\tOver 25 years of experience in brain, spinal cord and neurosurgery <span class=\"thsn-skincolor\"> get feedback<\/span>\t\t\t\t\t\t<\/span>\n\t\t\t\t\t<\/h3>\n\t\t\t\t\n\t\t\t\t\n\t\t\t<\/div>\n\t\t\t\n\t\t<\/div>\n\t\t\t\t\t\t<\/div>\n\t\t\t\t<\/div>\n\t\t\t\t\t<\/div>\n\t\t<\/div>\n\t\t\t\t<div class=\"elementor-column elementor-col-50 elementor-top-column elementor-element elementor-element-2074b137 thsn-bg-color-over-image\" data-id=\"2074b137\" data-element_type=\"column\">\n\t\t\t<div class=\"elementor-widget-wrap elementor-element-populated\">\n\t\t\t\t\t\t<div class=\"elementor-element elementor-element-20ca1676 elementor-align-right elementor-mobile-align-center thsn-btn-color-globalcolor thsn-btn-style-flat thsn-btn-shape-square elementor-widget elementor-widget-button\" data-id=\"20ca1676\" data-element_type=\"widget\" data-widget_type=\"button.default\">\n\t\t\t\t<div class=\"elementor-widget-container\">\n\t\t\t\t\t\t\t\t\t<div class=\"elementor-button-wrapper\">\n\t\t\t\t\t<a class=\"elementor-button elementor-size-sm\" role=\"button\">\n\t\t\t\t\t\t<span class=\"elementor-button-content-wrapper\">\n\t\t\t\t\t\t\t\t\t<span class=\"elementor-button-text\">MAKE APPOINTMENT<\/span>\n\t\t\t\t\t<\/span>\n\t\t\t\t\t<\/a>\n\t\t\t\t<\/div>\n\t\t\t\t\t\t\t\t<\/div>\n\t\t\t\t<\/div>\n\t\t\t\t\t<\/div>\n\t\t<\/div>\n\t\t\t\t\t<\/div>\n\t\t<\/section>\n\t\t\t\t<section class=\"elementor-section elementor-top-section elementor-element elementor-element-1f04df9a thsn-bg-color-yes thsn-elementor-bg-color-white thsn-col-stretched-none thsn-bg-color-over-image elementor-section-boxed elementor-section-height-default elementor-section-height-default\" data-id=\"1f04df9a\" data-element_type=\"section\">\n\t\t\t\t\t\t<div class=\"elementor-container elementor-column-gap-no\">\n\t\t\t\t\t<div class=\"elementor-column elementor-col-100 elementor-top-column elementor-element elementor-element-553cfbd2 thsn-bg-color-over-image\" data-id=\"553cfbd2\" data-element_type=\"column\">\n\t\t\t<div class=\"elementor-widget-wrap elementor-element-populated\">\n\t\t\t\t\t\t<div class=\"elementor-element elementor-element-60f02883 elementor-widget elementor-widget-thsn_blog_element\" data-id=\"60f02883\" data-element_type=\"widget\" data-widget_type=\"thsn_blog_element.default\">\n\t\t\t\t<div class=\"elementor-widget-container\">\n\t\t\t\t\t\r\n\t\t<div class=\"themesion-element themesion-element-blog thsn-element-blog-style-1 themesion-element-viewtype-row-column themesion-gap-30px\" data-show=\"3\" data-columns=\"3\" data-loop=\"false\" data-autoplay=\"false\" data-center=\"false\" data-nav=\"false\" data-dots=\"false\" data-autoplayspeed=\"1000\" data-margin=\"30px\"><div class=\"themesion-element-inner\">\r\n\t\t\r\n\t\t\t<div class=\"thsn-ele-header-area\">\r\n\t\t\t\t\t<div class=\"thsn-heading-subheading center-align thsn-reverse-heading-yes\"><h4 class=\"thsn-element-subtitle\">\r\n\t\t\t\r\n\t\t\t\tBlog\r\n\t\t\t\r\n\t\t\t<\/h4>\r\n\t\t<h2 class=\"thsn-element-title\">\r\n\t\t\t\r\n\t\t\t\tNewspaper and Magazine Articles\r\n\t\t\t\r\n\t\t\t<\/h2>\r\n\t\t<\/div>\r\n\t\t\t\t\r\n\t\t\t<\/div>\r\n\r\n\t\t\t<div class=\"thsn-element-posts-wrapper row multi-columns-row\">\r\n\r\n\t\t\t<article class=\"thsn-ele thsn-ele-blog thsn-blog-style-1 col-md-4 general thsn-term-31 thsn-odd thsn-col-odd\"><div class=\"post-item\">\r\n\t<div class=\"thsn-featured-container\">\r\n\t\t<div class=\"thsn-featured-wrapper\"><a href=\"https:\/\/dronurkulaksizoglu.com.tr\/en\/protecting-your-spine-health-with-simple-steps\/\"><img fetchpriority=\"high\" decoding=\"async\" width=\"770\" height=\"500\" src=\"https:\/\/dronurkulaksizoglu.com.tr\/en\/wp-content\/uploads\/2020\/06\/op-dr-onur-kulaksizoglu-blog-88-770x500.jpg\" class=\"attachment-thsn-img-770x500 size-thsn-img-770x500 wp-post-image\" alt=\"\" \/><\/a><\/div>\t\r\n\t<\/div>\r\n\t<div class=\"themesion-box-content\">\t\r\n\t\t<div class=\"thsn-meta-container\">\t\r\n\t\t\t\t<div class=\"thsn-meta-date-wrapper thsn-meta-line\">\t\t\t\t\t\r\n\t\t\t\t\t<i class=\"thsn-base-icon-clock-1\"><\/i> Jun 03, 2020\t\t\t\t<\/div>\t\r\n\t\t\t\t<div class=\"thsn-meta-category-wrapper thsn-meta-line\">\t\t\r\n\t\t\t\t\t<div class=\"thsn-meta-category\"><i class=\"thsn-base-icon-folder-open-empty\"><\/i> <a href=\"https:\/\/dronurkulaksizoglu.com.tr\/en\/category\/general\/\" rel=\"category tag\">General<\/a><\/div>\r\n\t\t\t\t<\/div>\t\r\n\t\t<\/div>\r\n\t\t<h3 class=\"thsn-post-title\"><a href=\"https:\/\/dronurkulaksizoglu.com.tr\/en\/protecting-your-spine-health-with-simple-steps\/\">PROTECTING YOUR SPINE HEALTH WITH SIMPLE STEPS<\/a><\/h3>\r\n\t\t<div class=\"themesion-box-desc\">\r\n\t\t<div class=\"themesion-box-desc-text\">\r\n\t\t\t\tIT IS POSSIBLE TO RELIEVE YOUR SPINE, WHICH BEARS ALL THE BURDEN&hellip;\t\t\t\t\t\r\n\t\t\t<\/div>\t\t\t\t\r\n\t\t<\/div>\r\n\t<\/div>\r\n<\/div><\/article><article class=\"thsn-ele thsn-ele-blog thsn-blog-style-1 col-md-4 spinal thsn-term-29 thsn-even thsn-col-odd\"><div class=\"post-item\">\r\n\t<div class=\"thsn-featured-container\">\r\n\t\t<div class=\"thsn-featured-wrapper\"><a href=\"https:\/\/dronurkulaksizoglu.com.tr\/en\/online-health-care-treatment-facilities\/\"><img decoding=\"async\" width=\"770\" height=\"500\" src=\"https:\/\/dronurkulaksizoglu.com.tr\/en\/wp-content\/uploads\/2020\/06\/op-dr-onur-kulaksizoglu-blog-87-770x500.jpg\" class=\"attachment-thsn-img-770x500 size-thsn-img-770x500 wp-post-image\" alt=\"\" \/><\/a><\/div>\t\r\n\t<\/div>\r\n\t<div class=\"themesion-box-content\">\t\r\n\t\t<div class=\"thsn-meta-container\">\t\r\n\t\t\t\t<div class=\"thsn-meta-date-wrapper thsn-meta-line\">\t\t\t\t\t\r\n\t\t\t\t\t<i class=\"thsn-base-icon-clock-1\"><\/i> Jun 03, 2020\t\t\t\t<\/div>\t\r\n\t\t\t\t<div class=\"thsn-meta-category-wrapper thsn-meta-line\">\t\t\r\n\t\t\t\t\t<div class=\"thsn-meta-category\"><i class=\"thsn-base-icon-folder-open-empty\"><\/i> <a href=\"https:\/\/dronurkulaksizoglu.com.tr\/en\/category\/spinal\/\" rel=\"category tag\">SPINAL<\/a><\/div>\r\n\t\t\t\t<\/div>\t\r\n\t\t<\/div>\r\n\t\t<h3 class=\"thsn-post-title\"><a href=\"https:\/\/dronurkulaksizoglu.com.tr\/en\/online-health-care-treatment-facilities\/\">HAS WALKING BECOME A MISERY?<\/a><\/h3>\r\n\t\t<div class=\"themesion-box-desc\">\r\n\t\t<div class=\"themesion-box-desc-text\">\r\n\t\t\t\tAre you complaining that you cannot walk long distances as you used&hellip;\t\t\t\t\t\r\n\t\t\t<\/div>\t\t\t\t\r\n\t\t<\/div>\r\n\t<\/div>\r\n<\/div><\/article><article class=\"thsn-ele thsn-ele-blog thsn-blog-style-1 col-md-4 general thsn-term-31 thsn-odd thsn-col-odd\"><div class=\"post-item\">\r\n\t<div class=\"thsn-featured-container\">\r\n\t\t<div class=\"thsn-featured-wrapper\"><a href=\"https:\/\/dronurkulaksizoglu.com.tr\/en\/the-most-important-ventilator-equipment-available\/\"><img decoding=\"async\" width=\"770\" height=\"500\" src=\"https:\/\/dronurkulaksizoglu.com.tr\/en\/wp-content\/uploads\/2020\/05\/op-dr-onur-kualksizoglu-tr-blog-57-770x500.jpg\" class=\"attachment-thsn-img-770x500 size-thsn-img-770x500 wp-post-image\" alt=\"\" \/><\/a><\/div>\t\r\n\t<\/div>\r\n\t<div class=\"themesion-box-content\">\t\r\n\t\t<div class=\"thsn-meta-container\">\t\r\n\t\t\t\t<div class=\"thsn-meta-date-wrapper thsn-meta-line\">\t\t\t\t\t\r\n\t\t\t\t\t<i class=\"thsn-base-icon-clock-1\"><\/i> May 26, 2020\t\t\t\t<\/div>\t\r\n\t\t\t\t<div class=\"thsn-meta-category-wrapper thsn-meta-line\">\t\t\r\n\t\t\t\t\t<div class=\"thsn-meta-category\"><i class=\"thsn-base-icon-folder-open-empty\"><\/i> <a href=\"https:\/\/dronurkulaksizoglu.com.tr\/en\/category\/general\/\" rel=\"category tag\">General<\/a><\/div>\r\n\t\t\t\t<\/div>\t\r\n\t\t<\/div>\r\n\t\t<h3 class=\"thsn-post-title\"><a href=\"https:\/\/dronurkulaksizoglu.com.tr\/en\/the-most-important-ventilator-equipment-available\/\">Minimalist approach in neurosurgery<\/a><\/h3>\r\n\t\t<div class=\"themesion-box-desc\">\r\n\t\t<div class=\"themesion-box-desc-text\">\r\n\t\t\t\tLogically, a deformed structure should be removed from the area to prevent&hellip;\t\t\t\t\t\r\n\t\t\t<\/div>\t\t\t\t\r\n\t\t<\/div>\r\n\t<\/div>\r\n<\/div><\/article>\r\n\t\t\t<\/div>\r\n\r\n\t\t\t\r\n\t\t\r\n\t\t<\/div><!-- .themesion-element-inner -->   <\/div><!-- .themesion-element -->  \r\n\t    \t\t\t\t<\/div>\n\t\t\t\t<\/div>\n\t\t\t\t\t<\/div>\n\t\t<\/div>\n\t\t\t\t\t<\/div>\n\t\t<\/section>\n\t\t\t\t<\/div>\n\t\t","protected":false},"excerpt":{"rendered":"<p>My Articles Akdemir H, Menk\u00fc A, Kurtsoy A, Tucer B, \u00d6ktem \u0130S, Ko\u00e7 RK: Konta\u015f O, Kulaks\u0131zo\u011flu O: Frameless stereotaxy for vascular malformation: Preliminary clinical experiences in 12 cages. 12th World Congress of Neurosurgery, September 16-20, 2001, Sydney Hidayet Akdemir, Ahmet Menk\u00fc. B\u00fclent Tucer, Ali Kurtsoy, \u0130 Suat \u00d6ktem, Onur Kulaks\u0131zo\u011flu. COMPARISON OF EARLY AND VERY EARLY SURGERY IN ANEVRYSMAL SUBARACNOID BLOODING Turkish Neurosurgical Society Scientific Congress, June 7-8, 2002[&hellip;]<\/p>\n","protected":false},"author":1,"featured_media":0,"parent":0,"menu_order":0,"comment_status":"closed","ping_status":"closed","template":"","meta":{"_acf_changed":false,"footnotes":""},"class_list":["post-2","page","type-page","status-publish","hentry"],"acf":[],"_links":{"self":[{"href":"https:\/\/dronurkulaksizoglu.com.tr\/en\/wp-json\/wp\/v2\/pages\/2","targetHints":{"allow":["GET"]}}],"collection":[{"href":"https:\/\/dronurkulaksizoglu.com.tr\/en\/wp-json\/wp\/v2\/pages"}],"about":[{"href":"https:\/\/dronurkulaksizoglu.com.tr\/en\/wp-json\/wp\/v2\/types\/page"}],"author":[{"embeddable":true,"href":"https:\/\/dronurkulaksizoglu.com.tr\/en\/wp-json\/wp\/v2\/users\/1"}],"replies":[{"embeddable":true,"href":"https:\/\/dronurkulaksizoglu.com.tr\/en\/wp-json\/wp\/v2\/comments?post=2"}],"version-history":[{"count":23,"href":"https:\/\/dronurkulaksizoglu.com.tr\/en\/wp-json\/wp\/v2\/pages\/2\/revisions"}],"predecessor-version":[{"id":1081,"href":"https:\/\/dronurkulaksizoglu.com.tr\/en\/wp-json\/wp\/v2\/pages\/2\/revisions\/1081"}],"wp:attachment":[{"href":"https:\/\/dronurkulaksizoglu.com.tr\/en\/wp-json\/wp\/v2\/media?parent=2"}],"curies":[{"name":"wp","href":"https:\/\/api.w.org\/{rel}","templated":true}]}}