{"id":69,"date":"2020-06-03T09:25:39","date_gmt":"2020-06-03T09:25:39","guid":{"rendered":"http:\/\/itinc.themesion.com\/demo1\/?page_id=12842"},"modified":"2025-03-10T13:56:28","modified_gmt":"2025-03-10T13:56:28","slug":"contact-us","status":"publish","type":"page","link":"https:\/\/dronurkulaksizoglu.com.tr\/en\/contact-us\/","title":{"rendered":"CONTACT US"},"content":{"rendered":"\t\t<div data-elementor-type=\"wp-page\" data-elementor-id=\"69\" class=\"elementor elementor-69\">\n\t\t\t\t\t\t<section class=\"elementor-section elementor-top-section elementor-element elementor-element-ea9a141 thsn-col-stretched-none thsn-bg-color-over-image elementor-section-boxed elementor-section-height-default elementor-section-height-default\" data-id=\"ea9a141\" data-element_type=\"section\">\n\t\t\t\t\t\t<div class=\"elementor-container elementor-column-gap-no\">\n\t\t\t\t\t<div class=\"elementor-column elementor-col-100 elementor-top-column elementor-element elementor-element-cc2aa30 thsn-bg-color-over-image\" data-id=\"cc2aa30\" data-element_type=\"column\">\n\t\t\t<div class=\"elementor-widget-wrap elementor-element-populated\">\n\t\t\t\t\t\t<div class=\"elementor-element elementor-element-091205f thsn-align-center elementor-widget elementor-widget-thsn_heading\" data-id=\"091205f\" data-element_type=\"widget\" data-widget_type=\"thsn_heading.default\">\n\t\t\t\t<div class=\"elementor-widget-container\">\n\t\t\t\t\t\t<div class=\"thsn-heading-subheading center-align thsn-reverse-heading-yes\"><h4 class=\"thsn-element-subtitle\">\r\n\t\t\t\r\n\t\t\t\tClinic Contact Information\r\n\t\t\t\r\n\t\t\t<\/h4>\r\n\t\t<h2 class=\"thsn-element-title\">\r\n\t\t\t\r\n\t\t\t\tCall Us or Write to Us\r\n\t\t\t\r\n\t\t\t<\/h2>\r\n\t\t<\/div>\t\t\t\t<\/div>\n\t\t\t\t<\/div>\n\t\t\t\t<section class=\"elementor-section elementor-inner-section elementor-element elementor-element-513b096 thsn-col-stretched-none thsn-bg-color-over-image elementor-section-boxed elementor-section-height-default elementor-section-height-default\" data-id=\"513b096\" data-element_type=\"section\" data-settings=\"{&quot;background_background&quot;:&quot;classic&quot;}\">\n\t\t\t\t\t\t<div class=\"elementor-container elementor-column-gap-no\">\n\t\t\t\t\t<div class=\"elementor-column elementor-col-33 elementor-inner-column elementor-element elementor-element-acb59a3 thsn-bg-color-over-image\" data-id=\"acb59a3\" data-element_type=\"column\">\n\t\t\t<div class=\"elementor-widget-wrap elementor-element-populated\">\n\t\t\t\t\t\t<div class=\"elementor-element elementor-element-a72e717 elementor-widget elementor-widget-thsn_icon_heading\" data-id=\"a72e717\" data-element_type=\"widget\" data-widget_type=\"thsn_icon_heading.default\">\n\t\t\t\t<div class=\"elementor-widget-container\">\n\t\t\t\t\t<div class=\"thsn-ihbox thsn-ihbox-style-8\"><div class=\"thsn-ihbox-box\">\r\n\t<div class=\"thsn-ihbox-icon\"><div class=\"thsn-ihbox-icon-wrapper\"><i class=\"thsn-doctery-icon thsn-doctery-icon-map\"><\/i><\/div><\/div>\t<div class=\"thsn-ihbox-contents\">\r\n\t\t\t\t<h2 class=\"thsn-element-title\">\r\n\t\t\t\t\t\r\n\t\t\t\t\t\tClinic Address\r\n\t\t\t\t\t\r\n\t\t\t\t\t<\/h2>\r\n\t\t\t\t\t\t\r\n\t\t<div class=\"thsn-heading-desc\">Terrace Center, Hakk\u0131yeten Cad. No:11 Kat:M-2, Opet Benzin \u0130stasyonu, Fulya, Kar\u015f\u0131s\u0131, 34000 \u015ei\u015fli\/\u0130stanbul<br \/><\/div>\t\t\t<\/div><!-- .thsn-ihbox-contents -->\r\n<\/div>\r\n<\/div>\t\t\t\t<\/div>\n\t\t\t\t<\/div>\n\t\t\t\t\t<\/div>\n\t\t<\/div>\n\t\t\t\t<div class=\"elementor-column elementor-col-33 elementor-inner-column elementor-element elementor-element-5654ef5 thsn-bg-color-over-image\" data-id=\"5654ef5\" data-element_type=\"column\">\n\t\t\t<div class=\"elementor-widget-wrap elementor-element-populated\">\n\t\t\t\t\t\t<div class=\"elementor-element elementor-element-59ff015 elementor-widget elementor-widget-thsn_icon_heading\" data-id=\"59ff015\" data-element_type=\"widget\" data-widget_type=\"thsn_icon_heading.default\">\n\t\t\t\t<div class=\"elementor-widget-container\">\n\t\t\t\t\t<div class=\"thsn-ihbox thsn-ihbox-style-8\"><div class=\"thsn-ihbox-box\">\r\n\t<div class=\"thsn-ihbox-icon\"><div class=\"thsn-ihbox-icon-wrapper\"><i class=\"thsn-doctery-icon thsn-doctery-icon-phone-call\"><\/i><\/div><\/div>\t<div class=\"thsn-ihbox-contents\">\r\n\t\t\t\t<h2 class=\"thsn-element-title\">\r\n\t\t\t\t\t\r\n\t\t\t\t\t\tPhones\r\n\t\t\t\t\t\r\n\t\t\t\t\t<\/h2>\r\n\t\t\t\t\t\t\r\n\t\t<div class=\"thsn-heading-desc\">Mobil :+90 505 623 49 09  <br> Ofis:  +90 (212)233 22 00<\/div>\t\t\t<\/div><!-- .thsn-ihbox-contents -->\r\n<\/div>\r\n<\/div>\t\t\t\t<\/div>\n\t\t\t\t<\/div>\n\t\t\t\t\t<\/div>\n\t\t<\/div>\n\t\t\t\t<div class=\"elementor-column elementor-col-33 elementor-inner-column elementor-element elementor-element-57a858b thsn-bg-color-over-image\" data-id=\"57a858b\" data-element_type=\"column\">\n\t\t\t<div class=\"elementor-widget-wrap elementor-element-populated\">\n\t\t\t\t\t\t<div class=\"elementor-element elementor-element-169cf42 elementor-widget elementor-widget-thsn_icon_heading\" data-id=\"169cf42\" data-element_type=\"widget\" data-widget_type=\"thsn_icon_heading.default\">\n\t\t\t\t<div class=\"elementor-widget-container\">\n\t\t\t\t\t<div class=\"thsn-ihbox thsn-ihbox-style-8\"><div class=\"thsn-ihbox-box\">\r\n\t<div class=\"thsn-ihbox-icon\"><div class=\"thsn-ihbox-icon-wrapper\"><i class=\"thsn-doctery-icon thsn-doctery-icon-email\"><\/i><\/div><\/div>\t<div class=\"thsn-ihbox-contents\">\r\n\t\t\t\t<h2 class=\"thsn-element-title\">\r\n\t\t\t\t\t\r\n\t\t\t\t\t\tE-mail Address\r\n\t\t\t\t\t\r\n\t\t\t\t\t<\/h2>\r\n\t\t\t\t\t\t\r\n\t\t<div class=\"thsn-heading-desc\">info@dronurkulaksizoglu.com.tr<\/div>\t\t\t<\/div><!-- .thsn-ihbox-contents -->\r\n<\/div>\r\n<\/div>\t\t\t\t<\/div>\n\t\t\t\t<\/div>\n\t\t\t\t\t<\/div>\n\t\t<\/div>\n\t\t\t\t\t<\/div>\n\t\t<\/section>\n\t\t\t\t\t<\/div>\n\t\t<\/div>\n\t\t\t\t\t<\/div>\n\t\t<\/section>\n\t\t\t\t<section class=\"elementor-section elementor-top-section elementor-element elementor-element-2f62f51 thsn-bg-color-yes thsn-elementor-bg-color-light thsn-bg-image-over-color elementor-section-stretched thsn-col-stretched-none elementor-section-boxed elementor-section-height-default elementor-section-height-default\" data-id=\"2f62f51\" data-element_type=\"section\" data-settings=\"{&quot;stretch_section&quot;:&quot;section-stretched&quot;,&quot;background_background&quot;:&quot;classic&quot;}\">\n\t\t\t\t\t\t<div class=\"elementor-container elementor-column-gap-no\">\n\t\t\t\t\t<div class=\"elementor-column elementor-col-50 elementor-top-column elementor-element elementor-element-c977d9d thsn-bg-color-over-image\" data-id=\"c977d9d\" data-element_type=\"column\">\n\t\t\t<div class=\"elementor-widget-wrap elementor-element-populated\">\n\t\t\t\t\t\t<div class=\"elementor-element elementor-element-bdef245 elementor-widget elementor-widget-google_maps\" data-id=\"bdef245\" data-element_type=\"widget\" data-widget_type=\"google_maps.default\">\n\t\t\t\t<div class=\"elementor-widget-container\">\n\t\t\t\t\t\t\t<div class=\"elementor-custom-embed\">\n\t\t\t<iframe loading=\"lazy\"\n\t\t\t\t\tsrc=\"https:\/\/maps.google.com\/maps?q=Terrace%20Center%2C%20Hakk%C4%B1yeten%20Cad.%20No%3A11%20Kat%3AM-2%2C%20Opet%20Benzin%20%C4%B0stasyonu%2C%20Fulya%2C%20Kar%C5%9F%C4%B1s%C4%B1%2C%2034000%20%C5%9Ei%C5%9Fli%2F%C4%B0stanbul&#038;t=m&#038;z=10&#038;output=embed&#038;iwloc=near\"\n\t\t\t\t\ttitle=\"Terrace Center, Hakk\u0131yeten Cad. No:11 Kat:M-2, Opet Benzin \u0130stasyonu, Fulya, Kar\u015f\u0131s\u0131, 34000 \u015ei\u015fli\/\u0130stanbul\"\n\t\t\t\t\taria-label=\"Terrace Center, Hakk\u0131yeten Cad. No:11 Kat:M-2, Opet Benzin \u0130stasyonu, Fulya, Kar\u015f\u0131s\u0131, 34000 \u015ei\u015fli\/\u0130stanbul\"\n\t\t\t><\/iframe>\n\t\t<\/div>\n\t\t\t\t\t\t<\/div>\n\t\t\t\t<\/div>\n\t\t\t\t\t<\/div>\n\t\t<\/div>\n\t\t\t\t<div class=\"elementor-column elementor-col-50 elementor-top-column elementor-element elementor-element-ad1d926 thsn-bg-color-over-image\" data-id=\"ad1d926\" data-element_type=\"column\">\n\t\t\t<div class=\"elementor-widget-wrap elementor-element-populated\">\n\t\t\t\t\t\t<div class=\"elementor-element elementor-element-16438e8 elementor-widget elementor-widget-shortcode\" data-id=\"16438e8\" data-element_type=\"widget\" data-widget_type=\"shortcode.default\">\n\t\t\t\t<div class=\"elementor-widget-container\">\n\t\t\t\t\t\t\t<div class=\"elementor-shortcode\">\n<div class=\"wpcf7 no-js\" id=\"wpcf7-f939-o1\" lang=\"en-US\" dir=\"ltr\" data-wpcf7-id=\"939\">\n<div class=\"screen-reader-response\"><p role=\"status\" aria-live=\"polite\" aria-atomic=\"true\"><\/p> <ul><\/ul><\/div>\n<form action=\"\/en\/wp-json\/wp\/v2\/pages\/69#wpcf7-f939-o1\" method=\"post\" class=\"wpcf7-form init\" aria-label=\"Contact form\" novalidate=\"novalidate\" data-status=\"init\">\n<fieldset class=\"hidden-fields-container\"><input type=\"hidden\" name=\"_wpcf7\" value=\"939\" \/><input type=\"hidden\" name=\"_wpcf7_version\" value=\"6.1.4\" \/><input type=\"hidden\" name=\"_wpcf7_locale\" value=\"en_US\" \/><input type=\"hidden\" name=\"_wpcf7_unit_tag\" value=\"wpcf7-f939-o1\" \/><input type=\"hidden\" name=\"_wpcf7_container_post\" value=\"0\" \/><input type=\"hidden\" name=\"_wpcf7_posted_data_hash\" value=\"\" \/>\n<\/fieldset>\n<p><label> Name<br \/>\n<span class=\"wpcf7-form-control-wrap\" data-name=\"your-name\"><input size=\"40\" maxlength=\"400\" class=\"wpcf7-form-control wpcf7-text wpcf7-validates-as-required\" autocomplete=\"name\" aria-required=\"true\" aria-invalid=\"false\" value=\"\" type=\"text\" name=\"your-name\" \/><\/span> <\/label>\n<\/p>\n<p><label> Email<br \/>\n<span class=\"wpcf7-form-control-wrap\" data-name=\"your-email\"><input size=\"40\" maxlength=\"400\" class=\"wpcf7-form-control wpcf7-email wpcf7-validates-as-required wpcf7-text wpcf7-validates-as-email\" autocomplete=\"email\" aria-required=\"true\" aria-invalid=\"false\" value=\"\" type=\"email\" name=\"your-email\" \/><\/span> <\/label>\n<\/p>\n<p><label> Subject<br \/>\n<span class=\"wpcf7-form-control-wrap\" data-name=\"your-subject\"><input size=\"40\" maxlength=\"400\" class=\"wpcf7-form-control wpcf7-text wpcf7-validates-as-required\" aria-required=\"true\" aria-invalid=\"false\" value=\"\" type=\"text\" name=\"your-subject\" \/><\/span> <\/label>\n<\/p>\n<p><label> Message<br \/>\n<span class=\"wpcf7-form-control-wrap\" data-name=\"your-message\"><textarea cols=\"40\" rows=\"10\" maxlength=\"2000\" class=\"wpcf7-form-control wpcf7-textarea wpcf7-validates-as-required\" aria-required=\"true\" aria-invalid=\"false\" name=\"your-message\"><\/textarea><\/span> <\/label>\n<\/p>\n<p><input class=\"wpcf7-form-control wpcf7-submit has-spinner\" type=\"submit\" value=\"Send\" \/>\n<\/p><div class=\"wpcf7-response-output\" aria-hidden=\"true\"><\/div>\n<\/form>\n<\/div>\n<\/div>\n\t\t\t\t\t\t<\/div>\n\t\t\t\t<\/div>\n\t\t\t\t\t<\/div>\n\t\t<\/div>\n\t\t\t\t\t<\/div>\n\t\t<\/section>\n\t\t\t\t<\/div>\n\t\t","protected":false},"excerpt":{"rendered":"<p>Clinic Contact Information Call Us or Write to Us Clinic Address Terrace Center, Hakk\u0131yeten Cad. No:11 Kat:M-2, Opet Benzin \u0130stasyonu, Fulya, Kar\u015f\u0131s\u0131, 34000 \u015ei\u015fli\/\u0130stanbul Phones Mobil :+90 505 623 49 09 Ofis: +90 (212)233 22 00 E-mail Address info@dronurkulaksizoglu.com.tr<\/p>\n","protected":false},"author":1,"featured_media":0,"parent":0,"menu_order":21,"comment_status":"closed","ping_status":"closed","template":"","meta":{"_acf_changed":false,"footnotes":""},"class_list":["post-69","page","type-page","status-publish","hentry"],"acf":[],"_links":{"self":[{"href":"https:\/\/dronurkulaksizoglu.com.tr\/en\/wp-json\/wp\/v2\/pages\/69","targetHints":{"allow":["GET"]}}],"collection":[{"href":"https:\/\/dronurkulaksizoglu.com.tr\/en\/wp-json\/wp\/v2\/pages"}],"about":[{"href":"https:\/\/dronurkulaksizoglu.com.tr\/en\/wp-json\/wp\/v2\/types\/page"}],"author":[{"embeddable":true,"href":"https:\/\/dronurkulaksizoglu.com.tr\/en\/wp-json\/wp\/v2\/users\/1"}],"replies":[{"embeddable":true,"href":"https:\/\/dronurkulaksizoglu.com.tr\/en\/wp-json\/wp\/v2\/comments?post=69"}],"version-history":[{"count":26,"href":"https:\/\/dronurkulaksizoglu.com.tr\/en\/wp-json\/wp\/v2\/pages\/69\/revisions"}],"predecessor-version":[{"id":1349,"href":"https:\/\/dronurkulaksizoglu.com.tr\/en\/wp-json\/wp\/v2\/pages\/69\/revisions\/1349"}],"wp:attachment":[{"href":"https:\/\/dronurkulaksizoglu.com.tr\/en\/wp-json\/wp\/v2\/media?parent=69"}],"curies":[{"name":"wp","href":"https:\/\/api.w.org\/{rel}","templated":true}]}}