{"id":809,"date":"2025-02-22T11:35:30","date_gmt":"2025-02-22T11:35:30","guid":{"rendered":"https:\/\/dronurkulaksizoglu.com.tr\/en\/?page_id=809"},"modified":"2025-03-08T08:09:26","modified_gmt":"2025-03-08T08:09:26","slug":"specialization-thesis","status":"publish","type":"page","link":"https:\/\/dronurkulaksizoglu.com.tr\/en\/specialization-thesis\/","title":{"rendered":"Specialization Thesis"},"content":{"rendered":"\t\t<div data-elementor-type=\"wp-page\" data-elementor-id=\"809\" class=\"elementor elementor-809\">\n\t\t\t\t\t\t<section class=\"elementor-section elementor-top-section elementor-element elementor-element-6c6f621 thsn-col-stretched-none thsn-bg-color-over-image elementor-section-boxed elementor-section-height-default elementor-section-height-default\" data-id=\"6c6f621\" data-element_type=\"section\">\n\t\t\t\t\t\t<div class=\"elementor-container elementor-column-gap-default\">\n\t\t\t\t\t<div class=\"elementor-column elementor-col-100 elementor-top-column elementor-element elementor-element-ae63681 thsn-bg-color-over-image\" data-id=\"ae63681\" data-element_type=\"column\">\n\t\t\t<div class=\"elementor-widget-wrap elementor-element-populated\">\n\t\t\t\t\t\t<div class=\"elementor-element elementor-element-6fac6a1 elementor-widget elementor-widget-heading\" data-id=\"6fac6a1\" data-element_type=\"widget\" data-widget_type=\"heading.default\">\n\t\t\t\t<div class=\"elementor-widget-container\">\n\t\t\t\t\t<h2 class=\"elementor-heading-title elementor-size-default\">Specialization Thesis<\/h2>\t\t\t\t<\/div>\n\t\t\t\t<\/div>\n\t\t\t\t\t<\/div>\n\t\t<\/div>\n\t\t\t\t\t<\/div>\n\t\t<\/section>\n\t\t\t\t<section class=\"elementor-section elementor-top-section elementor-element elementor-element-3bf8ef73 thsn-col-stretched-none thsn-bg-color-over-image elementor-section-boxed elementor-section-height-default elementor-section-height-default\" data-id=\"3bf8ef73\" data-element_type=\"section\">\n\t\t\t\t\t\t<div class=\"elementor-container elementor-column-gap-default\">\n\t\t\t\t\t<div class=\"elementor-column elementor-col-100 elementor-top-column elementor-element elementor-element-5e8a76af thsn-bg-color-over-image\" data-id=\"5e8a76af\" data-element_type=\"column\">\n\t\t\t<div class=\"elementor-widget-wrap elementor-element-populated\">\n\t\t\t\t\t\t<div class=\"elementor-element elementor-element-6de7f80e elementor-widget elementor-widget-text-editor\" data-id=\"6de7f80e\" data-element_type=\"widget\" data-widget_type=\"text-editor.default\">\n\t\t\t\t<div class=\"elementor-widget-container\">\n\t\t\t\t\t\t\t\t\t\n<section class=\"elementor-section elementor-top-section elementor-element elementor-element-230eafca thsn-col-stretched-none thsn-bg-color-over-image elementor-section-boxed elementor-section-height-default elementor-section-height-default\" data-id=\"230eafca\" data-element_type=\"section\">\n<div class=\"elementor-container elementor-column-gap-default\">\n<div class=\"elementor-column elementor-col-100 elementor-top-column elementor-element elementor-element-586e4968 thsn-bg-color-over-image\" data-id=\"586e4968\" data-element_type=\"column\">\n<div class=\"elementor-widget-wrap elementor-element-populated\">\n<div class=\"elementor-element elementor-element-51a7643 elementor-widget elementor-widget-text-editor\" data-id=\"51a7643\" data-element_type=\"widget\" data-widget_type=\"text-editor.default\">\n<div class=\"elementor-widget-container\">\n<p>Ethem Onur Kulaks\u0131zo\u011flu<br \/>The effect of magnesium sulfate on cerebral vasospasm in patients with aneurysmal subarachnoid hemorrhage &#8211; 2003 &#8211; 76 pages.<\/p>\n<p>Filum Terminale Ependymoma Mimicking Lumbar Disc HerniationAhmet MENK\u00dc, R. Kemal KO\u00c7, B\u00fclent TUCER, Onur KULAKSIZO\u011eLU, Hidayet AKDEM\u0130RDepartment of Neurosurgery, School of Medicine, Erciyes University, Kayseri,TurkeyKey Words: Ependymoma, filum terminale, lumbar disc herniation, magnetic resonance imaging, spinal massThis study presents a case of filum terminale ependymoma with an initial diagnosis of lumbar disc herniation. Compression of nerve fibers by an intradural mass due to filum terminale ependymoma is extremely rare and should be considered in the differential diagnosis of lumbar disc herniation. It is very important to recognize it in the postoperative period because of the changes that occur during the recovery period. Differences between epidural scar, recurrent disc herniation or spinal mass can usually be determined by magnetic resonance imaging. In this study, we also emphasized the importance of contrast-enhanced magnetic resonance imaging.<\/p>\n<\/div>\n<\/div>\n<\/div>\n<\/div>\n<\/div>\n<\/section>\n\t\t\t\t\t\t\t\t<\/div>\n\t\t\t\t<\/div>\n\t\t\t\t\t<\/div>\n\t\t<\/div>\n\t\t\t\t\t<\/div>\n\t\t<\/section>\n\t\t\t\t<section class=\"elementor-section elementor-top-section elementor-element elementor-element-66d27ba4 thsn-bg-color-yes thsn-elementor-bg-color-blackish thsn-text-color-white elementor-section-stretched thsn-bg-image-over-color elementor-section-content-middle thsn-col-stretched-none elementor-section-boxed elementor-section-height-default elementor-section-height-default\" data-id=\"66d27ba4\" data-element_type=\"section\" data-settings=\"{&quot;stretch_section&quot;:&quot;section-stretched&quot;,&quot;background_background&quot;:&quot;classic&quot;}\">\n\t\t\t\t\t\t<div class=\"elementor-container elementor-column-gap-no\">\n\t\t\t\t\t<div class=\"elementor-column elementor-col-50 elementor-top-column elementor-element elementor-element-17604091 thsn-bg-color-over-image\" data-id=\"17604091\" data-element_type=\"column\">\n\t\t\t<div class=\"elementor-widget-wrap elementor-element-populated\">\n\t\t\t\t\t\t<div class=\"elementor-element elementor-element-3e2d0dc3 elementor-position-left elementor-view-default elementor-mobile-position-top elementor-widget elementor-widget-icon-box\" data-id=\"3e2d0dc3\" data-element_type=\"widget\" data-widget_type=\"icon-box.default\">\n\t\t\t\t<div class=\"elementor-widget-container\">\n\t\t\t\t\t\t\t<div class=\"elementor-icon-box-wrapper\">\n\n\t\t\t\t\t\t<div class=\"elementor-icon-box-icon\">\n\t\t\t\t<span  class=\"elementor-icon\">\n\t\t\t\t<i aria-hidden=\"true\" class=\"thsn-doctery-icon thsn-doctery-icon-checked\"><\/i>\t\t\t\t<\/span>\n\t\t\t<\/div>\n\t\t\t\n\t\t\t\t\t\t<div class=\"elementor-icon-box-content\">\n\n\t\t\t\t\t\t\t\t\t<h3 class=\"elementor-icon-box-title\">\n\t\t\t\t\t\t<span  >\n\t\t\t\t\t\t\tFrom a surgeon with 25 years of experience <span class=\"thsn-skincolor\">  Get pre-assessment<\/span>\t\t\t\t\t\t<\/span>\n\t\t\t\t\t<\/h3>\n\t\t\t\t\n\t\t\t\t\n\t\t\t<\/div>\n\t\t\t\n\t\t<\/div>\n\t\t\t\t\t\t<\/div>\n\t\t\t\t<\/div>\n\t\t\t\t\t<\/div>\n\t\t<\/div>\n\t\t\t\t<div class=\"elementor-column elementor-col-50 elementor-top-column elementor-element elementor-element-2074b137 thsn-bg-color-over-image\" data-id=\"2074b137\" data-element_type=\"column\">\n\t\t\t<div class=\"elementor-widget-wrap elementor-element-populated\">\n\t\t\t\t\t\t<div class=\"elementor-element elementor-element-20ca1676 elementor-align-right elementor-mobile-align-center thsn-btn-color-globalcolor thsn-btn-style-flat thsn-btn-shape-square elementor-widget elementor-widget-button\" data-id=\"20ca1676\" data-element_type=\"widget\" data-widget_type=\"button.default\">\n\t\t\t\t<div class=\"elementor-widget-container\">\n\t\t\t\t\t\t\t\t\t<div class=\"elementor-button-wrapper\">\n\t\t\t\t\t<a class=\"elementor-button elementor-size-sm\" role=\"button\">\n\t\t\t\t\t\t<span class=\"elementor-button-content-wrapper\">\n\t\t\t\t\t\t\t\t\t<span class=\"elementor-button-text\">MAKE APPOINTMENT<\/span>\n\t\t\t\t\t<\/span>\n\t\t\t\t\t<\/a>\n\t\t\t\t<\/div>\n\t\t\t\t\t\t\t\t<\/div>\n\t\t\t\t<\/div>\n\t\t\t\t\t<\/div>\n\t\t<\/div>\n\t\t\t\t\t<\/div>\n\t\t<\/section>\n\t\t\t\t<section class=\"elementor-section elementor-top-section elementor-element elementor-element-1f04df9a thsn-bg-color-yes thsn-elementor-bg-color-white thsn-col-stretched-none thsn-bg-color-over-image elementor-section-boxed elementor-section-height-default elementor-section-height-default\" data-id=\"1f04df9a\" data-element_type=\"section\">\n\t\t\t\t\t\t<div class=\"elementor-container elementor-column-gap-no\">\n\t\t\t\t\t<div class=\"elementor-column elementor-col-100 elementor-top-column elementor-element elementor-element-553cfbd2 thsn-bg-color-over-image\" data-id=\"553cfbd2\" data-element_type=\"column\">\n\t\t\t<div class=\"elementor-widget-wrap elementor-element-populated\">\n\t\t\t\t\t\t<div class=\"elementor-element elementor-element-60f02883 elementor-widget elementor-widget-thsn_blog_element\" data-id=\"60f02883\" data-element_type=\"widget\" data-widget_type=\"thsn_blog_element.default\">\n\t\t\t\t<div class=\"elementor-widget-container\">\n\t\t\t\t\t\r\n\t\t<div class=\"themesion-element themesion-element-blog thsn-element-blog-style-1 themesion-element-viewtype-row-column themesion-gap-30px\" data-show=\"3\" data-columns=\"3\" data-loop=\"false\" data-autoplay=\"false\" data-center=\"false\" data-nav=\"false\" data-dots=\"false\" data-autoplayspeed=\"1000\" data-margin=\"30px\"><div class=\"themesion-element-inner\">\r\n\t\t\r\n\t\t\t<div class=\"thsn-ele-header-area\">\r\n\t\t\t\t\t<div class=\"thsn-heading-subheading center-align thsn-reverse-heading-yes\"><h4 class=\"thsn-element-subtitle\">\r\n\t\t\t\r\n\t\t\t\tBlog\r\n\t\t\t\r\n\t\t\t<\/h4>\r\n\t\t<h2 class=\"thsn-element-title\">\r\n\t\t\t\r\n\t\t\t\tNewspaper and Magazine Articles\r\n\t\t\t\r\n\t\t\t<\/h2>\r\n\t\t<\/div>\r\n\t\t\t\t\r\n\t\t\t<\/div>\r\n\r\n\t\t\t<div class=\"thsn-element-posts-wrapper row multi-columns-row\">\r\n\r\n\t\t\t<article class=\"thsn-ele thsn-ele-blog thsn-blog-style-1 col-md-4 general thsn-term-31 thsn-odd thsn-col-odd\"><div class=\"post-item\">\r\n\t<div class=\"thsn-featured-container\">\r\n\t\t<div class=\"thsn-featured-wrapper\"><a href=\"https:\/\/dronurkulaksizoglu.com.tr\/en\/protecting-your-spine-health-with-simple-steps\/\"><img fetchpriority=\"high\" decoding=\"async\" width=\"770\" height=\"500\" src=\"https:\/\/dronurkulaksizoglu.com.tr\/en\/wp-content\/uploads\/2020\/06\/op-dr-onur-kulaksizoglu-blog-88-770x500.jpg\" class=\"attachment-thsn-img-770x500 size-thsn-img-770x500 wp-post-image\" alt=\"\" \/><\/a><\/div>\t\r\n\t<\/div>\r\n\t<div class=\"themesion-box-content\">\t\r\n\t\t<div class=\"thsn-meta-container\">\t\r\n\t\t\t\t<div class=\"thsn-meta-date-wrapper thsn-meta-line\">\t\t\t\t\t\r\n\t\t\t\t\t<i class=\"thsn-base-icon-clock-1\"><\/i> Jun 03, 2020\t\t\t\t<\/div>\t\r\n\t\t\t\t<div class=\"thsn-meta-category-wrapper thsn-meta-line\">\t\t\r\n\t\t\t\t\t<div class=\"thsn-meta-category\"><i class=\"thsn-base-icon-folder-open-empty\"><\/i> <a href=\"https:\/\/dronurkulaksizoglu.com.tr\/en\/category\/general\/\" rel=\"category tag\">General<\/a><\/div>\r\n\t\t\t\t<\/div>\t\r\n\t\t<\/div>\r\n\t\t<h3 class=\"thsn-post-title\"><a href=\"https:\/\/dronurkulaksizoglu.com.tr\/en\/protecting-your-spine-health-with-simple-steps\/\">PROTECTING YOUR SPINE HEALTH WITH SIMPLE STEPS<\/a><\/h3>\r\n\t\t<div class=\"themesion-box-desc\">\r\n\t\t<div class=\"themesion-box-desc-text\">\r\n\t\t\t\tIT IS POSSIBLE TO RELIEVE YOUR SPINE, WHICH BEARS ALL THE BURDEN&hellip;\t\t\t\t\t\r\n\t\t\t<\/div>\t\t\t\t\r\n\t\t<\/div>\r\n\t<\/div>\r\n<\/div><\/article><article class=\"thsn-ele thsn-ele-blog thsn-blog-style-1 col-md-4 spinal thsn-term-29 thsn-even thsn-col-odd\"><div class=\"post-item\">\r\n\t<div class=\"thsn-featured-container\">\r\n\t\t<div class=\"thsn-featured-wrapper\"><a href=\"https:\/\/dronurkulaksizoglu.com.tr\/en\/online-health-care-treatment-facilities\/\"><img decoding=\"async\" width=\"770\" height=\"500\" src=\"https:\/\/dronurkulaksizoglu.com.tr\/en\/wp-content\/uploads\/2020\/06\/op-dr-onur-kulaksizoglu-blog-87-770x500.jpg\" class=\"attachment-thsn-img-770x500 size-thsn-img-770x500 wp-post-image\" alt=\"\" \/><\/a><\/div>\t\r\n\t<\/div>\r\n\t<div class=\"themesion-box-content\">\t\r\n\t\t<div class=\"thsn-meta-container\">\t\r\n\t\t\t\t<div class=\"thsn-meta-date-wrapper thsn-meta-line\">\t\t\t\t\t\r\n\t\t\t\t\t<i class=\"thsn-base-icon-clock-1\"><\/i> Jun 03, 2020\t\t\t\t<\/div>\t\r\n\t\t\t\t<div class=\"thsn-meta-category-wrapper thsn-meta-line\">\t\t\r\n\t\t\t\t\t<div class=\"thsn-meta-category\"><i class=\"thsn-base-icon-folder-open-empty\"><\/i> <a href=\"https:\/\/dronurkulaksizoglu.com.tr\/en\/category\/spinal\/\" rel=\"category tag\">SPINAL<\/a><\/div>\r\n\t\t\t\t<\/div>\t\r\n\t\t<\/div>\r\n\t\t<h3 class=\"thsn-post-title\"><a href=\"https:\/\/dronurkulaksizoglu.com.tr\/en\/online-health-care-treatment-facilities\/\">HAS WALKING BECOME A MISERY?<\/a><\/h3>\r\n\t\t<div class=\"themesion-box-desc\">\r\n\t\t<div class=\"themesion-box-desc-text\">\r\n\t\t\t\tAre you complaining that you cannot walk long distances as you used&hellip;\t\t\t\t\t\r\n\t\t\t<\/div>\t\t\t\t\r\n\t\t<\/div>\r\n\t<\/div>\r\n<\/div><\/article><article class=\"thsn-ele thsn-ele-blog thsn-blog-style-1 col-md-4 general thsn-term-31 thsn-odd thsn-col-odd\"><div class=\"post-item\">\r\n\t<div class=\"thsn-featured-container\">\r\n\t\t<div class=\"thsn-featured-wrapper\"><a href=\"https:\/\/dronurkulaksizoglu.com.tr\/en\/the-most-important-ventilator-equipment-available\/\"><img decoding=\"async\" width=\"770\" height=\"500\" src=\"https:\/\/dronurkulaksizoglu.com.tr\/en\/wp-content\/uploads\/2020\/05\/op-dr-onur-kualksizoglu-tr-blog-57-770x500.jpg\" class=\"attachment-thsn-img-770x500 size-thsn-img-770x500 wp-post-image\" alt=\"\" \/><\/a><\/div>\t\r\n\t<\/div>\r\n\t<div class=\"themesion-box-content\">\t\r\n\t\t<div class=\"thsn-meta-container\">\t\r\n\t\t\t\t<div class=\"thsn-meta-date-wrapper thsn-meta-line\">\t\t\t\t\t\r\n\t\t\t\t\t<i class=\"thsn-base-icon-clock-1\"><\/i> May 26, 2020\t\t\t\t<\/div>\t\r\n\t\t\t\t<div class=\"thsn-meta-category-wrapper thsn-meta-line\">\t\t\r\n\t\t\t\t\t<div class=\"thsn-meta-category\"><i class=\"thsn-base-icon-folder-open-empty\"><\/i> <a href=\"https:\/\/dronurkulaksizoglu.com.tr\/en\/category\/general\/\" rel=\"category tag\">General<\/a><\/div>\r\n\t\t\t\t<\/div>\t\r\n\t\t<\/div>\r\n\t\t<h3 class=\"thsn-post-title\"><a href=\"https:\/\/dronurkulaksizoglu.com.tr\/en\/the-most-important-ventilator-equipment-available\/\">Minimalist approach in neurosurgery<\/a><\/h3>\r\n\t\t<div class=\"themesion-box-desc\">\r\n\t\t<div class=\"themesion-box-desc-text\">\r\n\t\t\t\tLogically, a deformed structure should be removed from the area to prevent&hellip;\t\t\t\t\t\r\n\t\t\t<\/div>\t\t\t\t\r\n\t\t<\/div>\r\n\t<\/div>\r\n<\/div><\/article>\r\n\t\t\t<\/div>\r\n\r\n\t\t\t\r\n\t\t\r\n\t\t<\/div><!-- .themesion-element-inner -->   <\/div><!-- .themesion-element -->  \r\n\t    \t\t\t\t<\/div>\n\t\t\t\t<\/div>\n\t\t\t\t\t<\/div>\n\t\t<\/div>\n\t\t\t\t\t<\/div>\n\t\t<\/section>\n\t\t\t\t<\/div>\n\t\t","protected":false},"excerpt":{"rendered":"<p>Specialization Thesis Ethem Onur Kulaks\u0131zo\u011fluThe effect of magnesium sulfate on cerebral vasospasm in patients with aneurysmal subarachnoid hemorrhage &#8211; 2003 &#8211; 76 pages. Filum Terminale Ependymoma Mimicking Lumbar Disc HerniationAhmet MENK\u00dc, R. Kemal KO\u00c7, B\u00fclent TUCER, Onur KULAKSIZO\u011eLU, Hidayet AKDEM\u0130RDepartment of Neurosurgery, School of Medicine, Erciyes University, Kayseri,TurkeyKey Words: Ependymoma, filum terminale, lumbar disc herniation, magnetic resonance imaging, spinal massThis study presents a case of filum terminale ependymoma with an[&hellip;]<\/p>\n","protected":false},"author":1,"featured_media":0,"parent":0,"menu_order":0,"comment_status":"closed","ping_status":"closed","template":"","meta":{"_acf_changed":false,"footnotes":""},"class_list":["post-809","page","type-page","status-publish","hentry"],"acf":[],"_links":{"self":[{"href":"https:\/\/dronurkulaksizoglu.com.tr\/en\/wp-json\/wp\/v2\/pages\/809","targetHints":{"allow":["GET"]}}],"collection":[{"href":"https:\/\/dronurkulaksizoglu.com.tr\/en\/wp-json\/wp\/v2\/pages"}],"about":[{"href":"https:\/\/dronurkulaksizoglu.com.tr\/en\/wp-json\/wp\/v2\/types\/page"}],"author":[{"embeddable":true,"href":"https:\/\/dronurkulaksizoglu.com.tr\/en\/wp-json\/wp\/v2\/users\/1"}],"replies":[{"embeddable":true,"href":"https:\/\/dronurkulaksizoglu.com.tr\/en\/wp-json\/wp\/v2\/comments?post=809"}],"version-history":[{"count":17,"href":"https:\/\/dronurkulaksizoglu.com.tr\/en\/wp-json\/wp\/v2\/pages\/809\/revisions"}],"predecessor-version":[{"id":1067,"href":"https:\/\/dronurkulaksizoglu.com.tr\/en\/wp-json\/wp\/v2\/pages\/809\/revisions\/1067"}],"wp:attachment":[{"href":"https:\/\/dronurkulaksizoglu.com.tr\/en\/wp-json\/wp\/v2\/media?parent=809"}],"curies":[{"name":"wp","href":"https:\/\/api.w.org\/{rel}","templated":true}]}}